{"id":387,"date":"2022-09-02T14:35:33","date_gmt":"2022-09-02T19:35:33","guid":{"rendered":"https:\/\/tarifario.papayotetravel.com\/?page_id=387"},"modified":"2026-02-23T10:03:28","modified_gmt":"2026-02-23T15:03:28","slug":"naturaleza","status":"publish","type":"page","link":"https:\/\/tarifario.papayotetravel.com\/en\/naturaleza\/","title":{"rendered":"Nature"},"content":{"rendered":"<div data-elementor-type=\"wp-post\" data-elementor-id=\"387\" class=\"elementor elementor-387\" data-elementor-post-type=\"page\">\n\t\t\t\t<div class=\"elementor-element elementor-element-200fdff8 e-con-full e-flex e-con e-parent\" data-id=\"200fdff8\" data-element_type=\"container\" data-settings=\"{&quot;background_background&quot;:&quot;classic&quot;}\" data-e-bg-lazyload=\"\" data-core-v316-plus=\"true\">\n\t\t<div class=\"elementor-element elementor-element-11619d59 e-con-full e-flex e-con e-child\" data-id=\"11619d59\" data-element_type=\"container\">\n\t\t\t\t<div class=\"elementor-element elementor-element-629c68a1 elementor-widget elementor-widget-heading\" data-id=\"629c68a1\" data-element_type=\"widget\" data-widget_type=\"heading.default\">\n\t\t\t\t<div class=\"elementor-widget-container\">\n\t\t\t<style>\/*! elementor - v3.20.0 - 10-04-2024 *\/\n.elementor-heading-title{padding:0;margin:0;line-height:1}.elementor-widget-heading .elementor-heading-title[class*=elementor-size-]>a{color:inherit;font-size:inherit;line-height:inherit}.elementor-widget-heading .elementor-heading-title.elementor-size-small{font-size:15px}.elementor-widget-heading .elementor-heading-title.elementor-size-medium{font-size:19px}.elementor-widget-heading .elementor-heading-title.elementor-size-large{font-size:29px}.elementor-widget-heading .elementor-heading-title.elementor-size-xl{font-size:39px}.elementor-widget-heading .elementor-heading-title.elementor-size-xxl{font-size:59px}<\/style><h2 class=\"elementor-heading-title elementor-size-default\">Portfolio<\/h2>\t\t<\/div>\n\t\t\t\t<\/div>\n\t\t\t\t<div class=\"elementor-element elementor-element-1f65de7 elementor-widget elementor-widget-heading\" data-id=\"1f65de7\" data-element_type=\"widget\" data-widget_type=\"heading.default\">\n\t\t\t\t<div class=\"elementor-widget-container\">\n\t\t\t<h2 class=\"elementor-heading-title elementor-size-default\">Nature<\/h2>\t\t<\/div>\n\t\t\t\t<\/div>\n\t\t\t\t<\/div>\n\t\t\t\t<\/div>\n\t\t<div class=\"elementor-element elementor-element-3c026e36 e-grid e-con-boxed e-con e-parent\" data-id=\"3c026e36\" data-element_type=\"container\" data-settings=\"{&quot;background_background&quot;:&quot;classic&quot;}\" data-core-v316-plus=\"true\">\n\t\t\t\t\t<div class=\"e-con-inner\">\n\t\t<div class=\"elementor-element elementor-element-c785660 e-flex e-con-boxed e-con e-child\" data-id=\"c785660\" data-element_type=\"container\" data-settings=\"{&quot;background_background&quot;:&quot;classic&quot;}\">\n\t\t\t\t\t<div class=\"e-con-inner\">\n\t\t\t\t<div class=\"elementor-element elementor-element-91a7a60 elementor-widget elementor-widget-image\" data-id=\"91a7a60\" data-element_type=\"widget\" data-widget_type=\"image.default\">\n\t\t\t\t<div class=\"elementor-widget-container\">\n\t\t\t<style>\/*! elementor - v3.20.0 - 10-04-2024 *\/\n.elementor-widget-image{text-align:center}.elementor-widget-image a{display:inline-block}.elementor-widget-image a img[src$=\".svg\"]{width:48px}.elementor-widget-image img{vertical-align:middle;display:inline-block}<\/style>\t\t\t\t\t\t\t\t\t\t<img fetchpriority=\"high\" decoding=\"async\" width=\"800\" height=\"534\" src=\"https:\/\/tarifario.papayotetravel.com\/wp-content\/uploads\/2025\/12\/santamarta-tour-palomino-magdalena-breakfast-and-lunch-included-4358957-1024x683.webp\" class=\"attachment-large size-large wp-image-3669\" alt=\"\" srcset=\"https:\/\/tarifario.papayotetravel.com\/wp-content\/uploads\/2025\/12\/santamarta-tour-palomino-magdalena-breakfast-and-lunch-included-4358957-1024x683.webp 1024w, https:\/\/tarifario.papayotetravel.com\/wp-content\/uploads\/2025\/12\/santamarta-tour-palomino-magdalena-breakfast-and-lunch-included-4358957-300x200.webp 300w, https:\/\/tarifario.papayotetravel.com\/wp-content\/uploads\/2025\/12\/santamarta-tour-palomino-magdalena-breakfast-and-lunch-included-4358957-768x513.webp 768w, https:\/\/tarifario.papayotetravel.com\/wp-content\/uploads\/2025\/12\/santamarta-tour-palomino-magdalena-breakfast-and-lunch-included-4358957-18x12.webp 18w, https:\/\/tarifario.papayotetravel.com\/wp-content\/uploads\/2025\/12\/santamarta-tour-palomino-magdalena-breakfast-and-lunch-included-4358957-600x400.webp 600w, https:\/\/tarifario.papayotetravel.com\/wp-content\/uploads\/2025\/12\/santamarta-tour-palomino-magdalena-breakfast-and-lunch-included-4358957.webp 1500w\" sizes=\"(max-width: 800px) 100vw, 800px\" \/>\t\t\t\t\t\t\t\t\t\t\t\t\t<\/div>\n\t\t\t\t<\/div>\n\t\t\t\t<div class=\"elementor-element elementor-element-212402e elementor-widget__width-initial elementor-widget elementor-widget-heading\" data-id=\"212402e\" data-element_type=\"widget\" data-widget_type=\"heading.default\">\n\t\t\t\t<div class=\"elementor-widget-container\">\n\t\t\t<h2 class=\"elementor-heading-title elementor-size-default\">2026 DESCUBRE SANTA MARTA<\/h2>\t\t<\/div>\n\t\t\t\t<\/div>\n\t\t\t\t<div class=\"elementor-element elementor-element-5b25e1d elementor-align-center elementor-widget__width-inherit elementor-tablet-align-center elementor-widget elementor-widget-button\" data-id=\"5b25e1d\" data-element_type=\"widget\" data-widget_type=\"button.default\">\n\t\t\t\t<div class=\"elementor-widget-container\">\n\t\t\t\t\t<div class=\"elementor-button-wrapper\">\n\t\t\t<a class=\"elementor-button elementor-button-link elementor-size-sm\" href=\"https:\/\/drive.google.com\/file\/d\/1S0hfFW2MbvC626mUDzPDWHNZ_-atSFFS\/view?usp=sharing\" target=\"_blank\">\n\t\t\t\t\t\t<span class=\"elementor-button-content-wrapper\">\n\t\t\t\t\t\t<span class=\"elementor-button-icon elementor-align-icon-right\">\n\t\t\t\t<svg aria-hidden=\"true\" class=\"e-font-icon-svg e-fas-long-arrow-alt-right\" viewbox=\"0 0 448 512\" xmlns=\"http:\/\/www.w3.org\/2000\/svg\"><path d=\"M313.941 216H12c-6.627 0-12 5.373-12 12v56c0 6.627 5.373 12 12 12h301.941v46.059c0 21.382 25.851 32.09 40.971 16.971l86.059-86.059c9.373-9.373 9.373-24.569 0-33.941l-86.059-86.059c-15.119-15.119-40.971-4.411-40.971 16.971V216z\"><\/path><\/svg>\t\t\t<\/span>\n\t\t\t\t\t\t<span class=\"elementor-button-text\">Descargar el PDF<\/span>\n\t\t<\/span>\n\t\t\t\t\t<\/a>\n\t\t<\/div>\n\t\t\t\t<\/div>\n\t\t\t\t<\/div>\n\t\t\t\t\t<\/div>\n\t\t\t\t<\/div>\n\t\t<div class=\"elementor-element elementor-element-40747e9 e-flex e-con-boxed e-con e-child\" data-id=\"40747e9\" data-element_type=\"container\" data-settings=\"{&quot;background_background&quot;:&quot;classic&quot;}\">\n\t\t\t\t\t<div class=\"e-con-inner\">\n\t\t\t\t<div class=\"elementor-element elementor-element-f7cfb2d elementor-widget elementor-widget-image\" data-id=\"f7cfb2d\" data-element_type=\"widget\" data-widget_type=\"image.default\">\n\t\t\t\t<div class=\"elementor-widget-container\">\n\t\t\t\t\t\t\t\t\t\t\t\t\t<img decoding=\"async\" width=\"800\" height=\"534\" src=\"https:\/\/tarifario.papayotetravel.com\/wp-content\/uploads\/2025\/12\/Turismo-en-el-Amazonas-1024x683.jpg\" class=\"attachment-large size-large wp-image-3656\" alt=\"\" srcset=\"https:\/\/tarifario.papayotetravel.com\/wp-content\/uploads\/2025\/12\/Turismo-en-el-Amazonas-1024x683.jpg 1024w, https:\/\/tarifario.papayotetravel.com\/wp-content\/uploads\/2025\/12\/Turismo-en-el-Amazonas-300x200.jpg 300w, https:\/\/tarifario.papayotetravel.com\/wp-content\/uploads\/2025\/12\/Turismo-en-el-Amazonas-768x512.jpg 768w, https:\/\/tarifario.papayotetravel.com\/wp-content\/uploads\/2025\/12\/Turismo-en-el-Amazonas-18x12.jpg 18w, https:\/\/tarifario.papayotetravel.com\/wp-content\/uploads\/2025\/12\/Turismo-en-el-Amazonas-600x400.jpg 600w, https:\/\/tarifario.papayotetravel.com\/wp-content\/uploads\/2025\/12\/Turismo-en-el-Amazonas.jpg 1200w\" sizes=\"(max-width: 800px) 100vw, 800px\" \/>\t\t\t\t\t\t\t\t\t\t\t\t\t<\/div>\n\t\t\t\t<\/div>\n\t\t\t\t<div class=\"elementor-element elementor-element-7f11179 elementor-widget__width-initial elementor-widget elementor-widget-heading\" data-id=\"7f11179\" data-element_type=\"widget\" data-widget_type=\"heading.default\">\n\t\t\t\t<div class=\"elementor-widget-container\">\n\t\t\t<h2 class=\"elementor-heading-title elementor-size-default\">2026 AMAZONAS<\/h2>\t\t<\/div>\n\t\t\t\t<\/div>\n\t\t\t\t<div class=\"elementor-element elementor-element-bae1446 elementor-align-center elementor-widget__width-inherit elementor-tablet-align-center elementor-widget elementor-widget-button\" data-id=\"bae1446\" data-element_type=\"widget\" data-widget_type=\"button.default\">\n\t\t\t\t<div class=\"elementor-widget-container\">\n\t\t\t\t\t<div class=\"elementor-button-wrapper\">\n\t\t\t<a class=\"elementor-button elementor-button-link elementor-size-sm\" href=\"https:\/\/drive.google.com\/file\/d\/1bG3UbxlrVo3GxZqKYuonG8pf3eQtLq8-\/view\" target=\"_blank\">\n\t\t\t\t\t\t<span class=\"elementor-button-content-wrapper\">\n\t\t\t\t\t\t<span class=\"elementor-button-icon elementor-align-icon-right\">\n\t\t\t\t<svg aria-hidden=\"true\" class=\"e-font-icon-svg e-fas-long-arrow-alt-right\" viewbox=\"0 0 448 512\" xmlns=\"http:\/\/www.w3.org\/2000\/svg\"><path d=\"M313.941 216H12c-6.627 0-12 5.373-12 12v56c0 6.627 5.373 12 12 12h301.941v46.059c0 21.382 25.851 32.09 40.971 16.971l86.059-86.059c9.373-9.373 9.373-24.569 0-33.941l-86.059-86.059c-15.119-15.119-40.971-4.411-40.971 16.971V216z\"><\/path><\/svg>\t\t\t<\/span>\n\t\t\t\t\t\t<span class=\"elementor-button-text\">Descargar el PDF<\/span>\n\t\t<\/span>\n\t\t\t\t\t<\/a>\n\t\t<\/div>\n\t\t\t\t<\/div>\n\t\t\t\t<\/div>\n\t\t\t\t\t<\/div>\n\t\t\t\t<\/div>\n\t\t<div class=\"elementor-element elementor-element-3ccd1b8 e-flex e-con-boxed e-con e-child\" data-id=\"3ccd1b8\" data-element_type=\"container\" data-settings=\"{&quot;background_background&quot;:&quot;classic&quot;}\">\n\t\t\t\t\t<div class=\"e-con-inner\">\n\t\t\t\t<div class=\"elementor-element elementor-element-c37517b elementor-widget elementor-widget-image\" data-id=\"c37517b\" data-element_type=\"widget\" data-widget_type=\"image.default\">\n\t\t\t\t<div class=\"elementor-widget-container\">\n\t\t\t\t\t\t\t\t\t\t\t\t\t<img decoding=\"async\" width=\"800\" height=\"534\" src=\"https:\/\/tarifario.papayotetravel.com\/wp-content\/uploads\/2025\/12\/8228-2_Puerto-1024x683.jpg\" class=\"attachment-large size-large wp-image-3366\" alt=\"\" srcset=\"https:\/\/tarifario.papayotetravel.com\/wp-content\/uploads\/2025\/12\/8228-2_Puerto-1024x683.jpg 1024w, https:\/\/tarifario.papayotetravel.com\/wp-content\/uploads\/2025\/12\/8228-2_Puerto-300x200.jpg 300w, https:\/\/tarifario.papayotetravel.com\/wp-content\/uploads\/2025\/12\/8228-2_Puerto-768x512.jpg 768w, https:\/\/tarifario.papayotetravel.com\/wp-content\/uploads\/2025\/12\/8228-2_Puerto-18x12.jpg 18w, https:\/\/tarifario.papayotetravel.com\/wp-content\/uploads\/2025\/12\/8228-2_Puerto-600x400.jpg 600w, https:\/\/tarifario.papayotetravel.com\/wp-content\/uploads\/2025\/12\/8228-2_Puerto.jpg 1440w\" sizes=\"(max-width: 800px) 100vw, 800px\" \/>\t\t\t\t\t\t\t\t\t\t\t\t\t<\/div>\n\t\t\t\t<\/div>\n\t\t\t\t<div class=\"elementor-element elementor-element-7e02e50 elementor-widget__width-initial elementor-widget elementor-widget-heading\" data-id=\"7e02e50\" data-element_type=\"widget\" data-widget_type=\"heading.default\">\n\t\t\t\t<div class=\"elementor-widget-container\">\n\t\t\t<h2 class=\"elementor-heading-title elementor-size-default\">2026 PASTO Y LAGUNA DE CHOCHA<\/h2>\t\t<\/div>\n\t\t\t\t<\/div>\n\t\t\t\t<div class=\"elementor-element elementor-element-66a11fb elementor-align-center elementor-widget__width-inherit elementor-tablet-align-center elementor-widget elementor-widget-button\" data-id=\"66a11fb\" data-element_type=\"widget\" data-widget_type=\"button.default\">\n\t\t\t\t<div class=\"elementor-widget-container\">\n\t\t\t\t\t<div class=\"elementor-button-wrapper\">\n\t\t\t<a class=\"elementor-button elementor-button-link elementor-size-sm\" href=\"https:\/\/drive.google.com\/file\/d\/1orH6CZPw6Z0bo8KlGUJ2CIbqYsnbbkBA\/view?usp=sharing\" target=\"_blank\">\n\t\t\t\t\t\t<span class=\"elementor-button-content-wrapper\">\n\t\t\t\t\t\t<span class=\"elementor-button-icon elementor-align-icon-right\">\n\t\t\t\t<svg aria-hidden=\"true\" class=\"e-font-icon-svg e-fas-long-arrow-alt-right\" viewbox=\"0 0 448 512\" xmlns=\"http:\/\/www.w3.org\/2000\/svg\"><path d=\"M313.941 216H12c-6.627 0-12 5.373-12 12v56c0 6.627 5.373 12 12 12h301.941v46.059c0 21.382 25.851 32.09 40.971 16.971l86.059-86.059c9.373-9.373 9.373-24.569 0-33.941l-86.059-86.059c-15.119-15.119-40.971-4.411-40.971 16.971V216z\"><\/path><\/svg>\t\t\t<\/span>\n\t\t\t\t\t\t<span class=\"elementor-button-text\">Descargar el PDF<\/span>\n\t\t<\/span>\n\t\t\t\t\t<\/a>\n\t\t<\/div>\n\t\t\t\t<\/div>\n\t\t\t\t<\/div>\n\t\t\t\t\t<\/div>\n\t\t\t\t<\/div>\n\t\t<div class=\"elementor-element elementor-element-d2dcfdf e-flex e-con-boxed e-con e-child\" data-id=\"d2dcfdf\" data-element_type=\"container\" data-settings=\"{&quot;background_background&quot;:&quot;classic&quot;}\">\n\t\t\t\t\t<div class=\"e-con-inner\">\n\t\t\t\t<div class=\"elementor-element elementor-element-3565618 elementor-widget elementor-widget-image\" data-id=\"3565618\" data-element_type=\"widget\" data-widget_type=\"image.default\">\n\t\t\t\t<div class=\"elementor-widget-container\">\n\t\t\t\t\t\t\t\t\t\t\t\t\t<img loading=\"lazy\" decoding=\"async\" width=\"800\" height=\"534\" src=\"https:\/\/tarifario.papayotetravel.com\/wp-content\/uploads\/2025\/12\/6d1410af-ca77-4c01-ad71-edeccfcd2486_0-1024x684.jpg\" class=\"attachment-large size-large wp-image-3432\" alt=\"\" srcset=\"https:\/\/tarifario.papayotetravel.com\/wp-content\/uploads\/2025\/12\/6d1410af-ca77-4c01-ad71-edeccfcd2486_0-1024x684.jpg 1024w, https:\/\/tarifario.papayotetravel.com\/wp-content\/uploads\/2025\/12\/6d1410af-ca77-4c01-ad71-edeccfcd2486_0-300x200.jpg 300w, https:\/\/tarifario.papayotetravel.com\/wp-content\/uploads\/2025\/12\/6d1410af-ca77-4c01-ad71-edeccfcd2486_0-768x513.jpg 768w, https:\/\/tarifario.papayotetravel.com\/wp-content\/uploads\/2025\/12\/6d1410af-ca77-4c01-ad71-edeccfcd2486_0-18x12.jpg 18w, https:\/\/tarifario.papayotetravel.com\/wp-content\/uploads\/2025\/12\/6d1410af-ca77-4c01-ad71-edeccfcd2486_0-600x401.jpg 600w, https:\/\/tarifario.papayotetravel.com\/wp-content\/uploads\/2025\/12\/6d1410af-ca77-4c01-ad71-edeccfcd2486_0.jpg 1078w\" sizes=\"(max-width: 800px) 100vw, 800px\" \/>\t\t\t\t\t\t\t\t\t\t\t\t\t<\/div>\n\t\t\t\t<\/div>\n\t\t\t\t<div class=\"elementor-element elementor-element-7b00d73 elementor-widget__width-initial elementor-widget elementor-widget-heading\" data-id=\"7b00d73\" data-element_type=\"widget\" data-widget_type=\"heading.default\">\n\t\t\t\t<div class=\"elementor-widget-container\">\n\t\t\t<h2 class=\"elementor-heading-title elementor-size-default\">2026 RUTAS DEL ENCANTO<\/h2>\t\t<\/div>\n\t\t\t\t<\/div>\n\t\t\t\t<div class=\"elementor-element elementor-element-7d15c46 elementor-align-center elementor-widget__width-inherit elementor-tablet-align-center elementor-widget elementor-widget-button\" data-id=\"7d15c46\" data-element_type=\"widget\" data-widget_type=\"button.default\">\n\t\t\t\t<div class=\"elementor-widget-container\">\n\t\t\t\t\t<div class=\"elementor-button-wrapper\">\n\t\t\t<a class=\"elementor-button elementor-button-link elementor-size-sm\" href=\"https:\/\/drive.google.com\/file\/d\/1ZZ09Gf8YZde4LQ77UZyK8nHf1kUXTLz3\/view\" target=\"_blank\">\n\t\t\t\t\t\t<span class=\"elementor-button-content-wrapper\">\n\t\t\t\t\t\t<span class=\"elementor-button-icon elementor-align-icon-right\">\n\t\t\t\t<svg aria-hidden=\"true\" class=\"e-font-icon-svg e-fas-long-arrow-alt-right\" viewbox=\"0 0 448 512\" xmlns=\"http:\/\/www.w3.org\/2000\/svg\"><path d=\"M313.941 216H12c-6.627 0-12 5.373-12 12v56c0 6.627 5.373 12 12 12h301.941v46.059c0 21.382 25.851 32.09 40.971 16.971l86.059-86.059c9.373-9.373 9.373-24.569 0-33.941l-86.059-86.059c-15.119-15.119-40.971-4.411-40.971 16.971V216z\"><\/path><\/svg>\t\t\t<\/span>\n\t\t\t\t\t\t<span class=\"elementor-button-text\">Descargar el PDF<\/span>\n\t\t<\/span>\n\t\t\t\t\t<\/a>\n\t\t<\/div>\n\t\t\t\t<\/div>\n\t\t\t\t<\/div>\n\t\t\t\t\t<\/div>\n\t\t\t\t<\/div>\n\t\t<div class=\"elementor-element elementor-element-635de8f e-flex e-con-boxed e-con e-child\" data-id=\"635de8f\" data-element_type=\"container\" data-settings=\"{&quot;background_background&quot;:&quot;classic&quot;}\">\n\t\t\t\t\t<div class=\"e-con-inner\">\n\t\t\t\t<div class=\"elementor-element elementor-element-5ac13eb elementor-widget elementor-widget-image\" data-id=\"5ac13eb\" data-element_type=\"widget\" data-widget_type=\"image.default\">\n\t\t\t\t<div class=\"elementor-widget-container\">\n\t\t\t\t\t\t\t\t\t\t\t\t\t<img loading=\"lazy\" decoding=\"async\" width=\"800\" height=\"534\" src=\"https:\/\/tarifario.papayotetravel.com\/wp-content\/uploads\/2025\/12\/nuqui-choco-1024x683.jpg\" class=\"attachment-large size-large wp-image-3697\" alt=\"\" srcset=\"https:\/\/tarifario.papayotetravel.com\/wp-content\/uploads\/2025\/12\/nuqui-choco-1024x683.jpg 1024w, https:\/\/tarifario.papayotetravel.com\/wp-content\/uploads\/2025\/12\/nuqui-choco-300x200.jpg 300w, https:\/\/tarifario.papayotetravel.com\/wp-content\/uploads\/2025\/12\/nuqui-choco-768x512.jpg 768w, https:\/\/tarifario.papayotetravel.com\/wp-content\/uploads\/2025\/12\/nuqui-choco-18x12.jpg 18w, https:\/\/tarifario.papayotetravel.com\/wp-content\/uploads\/2025\/12\/nuqui-choco-600x400.jpg 600w, https:\/\/tarifario.papayotetravel.com\/wp-content\/uploads\/2025\/12\/nuqui-choco.jpg 1440w\" sizes=\"(max-width: 800px) 100vw, 800px\" \/>\t\t\t\t\t\t\t\t\t\t\t\t\t<\/div>\n\t\t\t\t<\/div>\n\t\t\t\t<div class=\"elementor-element elementor-element-c50441f elementor-widget__width-initial elementor-widget elementor-widget-heading\" data-id=\"c50441f\" data-element_type=\"widget\" data-widget_type=\"heading.default\">\n\t\t\t\t<div class=\"elementor-widget-container\">\n\t\t\t<h2 class=\"elementor-heading-title elementor-size-default\">2026 PAC\u00cdFICO M\u00c1GICO<\/h2>\t\t<\/div>\n\t\t\t\t<\/div>\n\t\t\t\t<div class=\"elementor-element elementor-element-25af1f7 elementor-align-center elementor-widget__width-inherit elementor-tablet-align-center elementor-widget elementor-widget-button\" data-id=\"25af1f7\" data-element_type=\"widget\" data-widget_type=\"button.default\">\n\t\t\t\t<div class=\"elementor-widget-container\">\n\t\t\t\t\t<div class=\"elementor-button-wrapper\">\n\t\t\t<a class=\"elementor-button elementor-button-link elementor-size-sm\" href=\"https:\/\/drive.google.com\/file\/d\/1BLBMfb_KOnt0ownLus5CjMPcAcZQSTAe\/view\" target=\"_blank\">\n\t\t\t\t\t\t<span class=\"elementor-button-content-wrapper\">\n\t\t\t\t\t\t<span class=\"elementor-button-icon elementor-align-icon-right\">\n\t\t\t\t<svg aria-hidden=\"true\" class=\"e-font-icon-svg e-fas-long-arrow-alt-right\" viewbox=\"0 0 448 512\" xmlns=\"http:\/\/www.w3.org\/2000\/svg\"><path d=\"M313.941 216H12c-6.627 0-12 5.373-12 12v56c0 6.627 5.373 12 12 12h301.941v46.059c0 21.382 25.851 32.09 40.971 16.971l86.059-86.059c9.373-9.373 9.373-24.569 0-33.941l-86.059-86.059c-15.119-15.119-40.971-4.411-40.971 16.971V216z\"><\/path><\/svg>\t\t\t<\/span>\n\t\t\t\t\t\t<span class=\"elementor-button-text\">Descargar el PDF<\/span>\n\t\t<\/span>\n\t\t\t\t\t<\/a>\n\t\t<\/div>\n\t\t\t\t<\/div>\n\t\t\t\t<\/div>\n\t\t\t\t\t<\/div>\n\t\t\t\t<\/div>\n\t\t<div class=\"elementor-element elementor-element-2a83ca8 e-flex e-con-boxed e-con e-child\" data-id=\"2a83ca8\" data-element_type=\"container\" data-settings=\"{&quot;background_background&quot;:&quot;classic&quot;}\">\n\t\t\t\t\t<div class=\"e-con-inner\">\n\t\t\t\t<div class=\"elementor-element elementor-element-a9108a4 elementor-widget elementor-widget-image\" data-id=\"a9108a4\" data-element_type=\"widget\" data-widget_type=\"image.default\">\n\t\t\t\t<div class=\"elementor-widget-container\">\n\t\t\t\t\t\t\t\t\t\t\t\t\t<img loading=\"lazy\" decoding=\"async\" width=\"800\" height=\"530\" src=\"https:\/\/tarifario.papayotetravel.com\/wp-content\/uploads\/2025\/12\/Cano-Cristales-rio-de-los-7-colores-en-Colombia-yo-viajo-con-parkway-agencia-de-viajes-1024x678.webp\" class=\"attachment-large size-large wp-image-3435\" alt=\"\" srcset=\"https:\/\/tarifario.papayotetravel.com\/wp-content\/uploads\/2025\/12\/Cano-Cristales-rio-de-los-7-colores-en-Colombia-yo-viajo-con-parkway-agencia-de-viajes-1024x678.webp 1024w, https:\/\/tarifario.papayotetravel.com\/wp-content\/uploads\/2025\/12\/Cano-Cristales-rio-de-los-7-colores-en-Colombia-yo-viajo-con-parkway-agencia-de-viajes-300x199.webp 300w, https:\/\/tarifario.papayotetravel.com\/wp-content\/uploads\/2025\/12\/Cano-Cristales-rio-de-los-7-colores-en-Colombia-yo-viajo-con-parkway-agencia-de-viajes-768x509.webp 768w, https:\/\/tarifario.papayotetravel.com\/wp-content\/uploads\/2025\/12\/Cano-Cristales-rio-de-los-7-colores-en-Colombia-yo-viajo-con-parkway-agencia-de-viajes-18x12.webp 18w, https:\/\/tarifario.papayotetravel.com\/wp-content\/uploads\/2025\/12\/Cano-Cristales-rio-de-los-7-colores-en-Colombia-yo-viajo-con-parkway-agencia-de-viajes-600x397.webp 600w, https:\/\/tarifario.papayotetravel.com\/wp-content\/uploads\/2025\/12\/Cano-Cristales-rio-de-los-7-colores-en-Colombia-yo-viajo-con-parkway-agencia-de-viajes.webp 1258w\" sizes=\"(max-width: 800px) 100vw, 800px\" \/>\t\t\t\t\t\t\t\t\t\t\t\t\t<\/div>\n\t\t\t\t<\/div>\n\t\t\t\t<div class=\"elementor-element elementor-element-ba6fb67 elementor-widget__width-initial elementor-widget elementor-widget-heading\" data-id=\"ba6fb67\" data-element_type=\"widget\" data-widget_type=\"heading.default\">\n\t\t\t\t<div class=\"elementor-widget-container\">\n\t\t\t<h2 class=\"elementor-heading-title elementor-size-default\">2026 BOGOT\u00c1 Y CA\u00d1O CRISTALES<\/h2>\t\t<\/div>\n\t\t\t\t<\/div>\n\t\t\t\t<div class=\"elementor-element elementor-element-3d3cb45 elementor-align-center elementor-widget__width-inherit elementor-tablet-align-center elementor-widget elementor-widget-button\" data-id=\"3d3cb45\" data-element_type=\"widget\" data-widget_type=\"button.default\">\n\t\t\t\t<div class=\"elementor-widget-container\">\n\t\t\t\t\t<div class=\"elementor-button-wrapper\">\n\t\t\t<a class=\"elementor-button elementor-button-link elementor-size-sm\" href=\"https:\/\/drive.google.com\/file\/d\/1HQDuh3x5Biu_EyRX1Y4aEvkCon5OIvV_\/view?usp=sharing\" target=\"_blank\">\n\t\t\t\t\t\t<span class=\"elementor-button-content-wrapper\">\n\t\t\t\t\t\t<span class=\"elementor-button-icon elementor-align-icon-right\">\n\t\t\t\t<svg aria-hidden=\"true\" class=\"e-font-icon-svg e-fas-long-arrow-alt-right\" viewbox=\"0 0 448 512\" xmlns=\"http:\/\/www.w3.org\/2000\/svg\"><path d=\"M313.941 216H12c-6.627 0-12 5.373-12 12v56c0 6.627 5.373 12 12 12h301.941v46.059c0 21.382 25.851 32.09 40.971 16.971l86.059-86.059c9.373-9.373 9.373-24.569 0-33.941l-86.059-86.059c-15.119-15.119-40.971-4.411-40.971 16.971V216z\"><\/path><\/svg>\t\t\t<\/span>\n\t\t\t\t\t\t<span class=\"elementor-button-text\">Descargar el PDF<\/span>\n\t\t<\/span>\n\t\t\t\t\t<\/a>\n\t\t<\/div>\n\t\t\t\t<\/div>\n\t\t\t\t<\/div>\n\t\t\t\t\t<\/div>\n\t\t\t\t<\/div>\n\t\t\t\t\t<\/div>\n\t\t\t\t<\/div>\n\t\t\t\t<\/div>","protected":false},"excerpt":{"rendered":"<p>Tarifario Naturaleza 2026 DESCUBRE SANTA MARTA Descargar el PDF 2026 AMAZONAS Descargar el PDF 2026 PASTO Y LAGUNA DE CHOCHA Descargar el PDF 2026 RUTAS DEL ENCANTO Descargar el PDF 2026 PAC\u00cdFICO M\u00c1GICO Descargar el PDF 2026 BOGOT\u00c1 Y CA\u00d1O CRISTALES Descargar el PDF<\/p>","protected":false},"author":1,"featured_media":0,"parent":0,"menu_order":0,"comment_status":"closed","ping_status":"closed","template":"","meta":{"_joinchat":[],"footnotes":""},"class_list":["post-387","page","type-page","status-publish","hentry"],"_links":{"self":[{"href":"https:\/\/tarifario.papayotetravel.com\/en\/wp-json\/wp\/v2\/pages\/387","targetHints":{"allow":["GET"]}}],"collection":[{"href":"https:\/\/tarifario.papayotetravel.com\/en\/wp-json\/wp\/v2\/pages"}],"about":[{"href":"https:\/\/tarifario.papayotetravel.com\/en\/wp-json\/wp\/v2\/types\/page"}],"author":[{"embeddable":true,"href":"https:\/\/tarifario.papayotetravel.com\/en\/wp-json\/wp\/v2\/users\/1"}],"replies":[{"embeddable":true,"href":"https:\/\/tarifario.papayotetravel.com\/en\/wp-json\/wp\/v2\/comments?post=387"}],"version-history":[{"count":196,"href":"https:\/\/tarifario.papayotetravel.com\/en\/wp-json\/wp\/v2\/pages\/387\/revisions"}],"predecessor-version":[{"id":3978,"href":"https:\/\/tarifario.papayotetravel.com\/en\/wp-json\/wp\/v2\/pages\/387\/revisions\/3978"}],"wp:attachment":[{"href":"https:\/\/tarifario.papayotetravel.com\/en\/wp-json\/wp\/v2\/media?parent=387"}],"curies":[{"name":"wp","href":"https:\/\/api.w.org\/{rel}","templated":true}]}}